{"id":667,"date":"2021-12-12T22:04:03","date_gmt":"2021-12-12T22:04:03","guid":{"rendered":"http:\/\/sestquality.com.br\/?page_id=667"},"modified":"2021-12-12T22:08:53","modified_gmt":"2021-12-12T22:08:53","slug":"ltcat","status":"publish","type":"page","link":"https:\/\/sestquality.com.br\/?page_id=667","title":{"rendered":"LTCAT"},"content":{"rendered":"\t\t<div data-elementor-type=\"wp-post\" data-elementor-id=\"667\" class=\"elementor elementor-667\" data-elementor-settings=\"[]\">\n\t\t\t\t\t\t\t<div class=\"elementor-section-wrap\">\n\t\t\t\t\t\t\t<section class=\"elementor-section elementor-top-section elementor-element elementor-element-5b340043 elementor-section-boxed elementor-section-height-default elementor-section-height-default\" data-id=\"5b340043\" data-element_type=\"section\">\n\t\t\t\t\t\t<div class=\"elementor-container elementor-column-gap-default\">\n\t\t\t\t\t<div class=\"elementor-column elementor-col-50 elementor-top-column elementor-element elementor-element-125fb1fe\" data-id=\"125fb1fe\" data-element_type=\"column\">\n\t\t\t<div class=\"elementor-widget-wrap elementor-element-populated\">\n\t\t\t\t\t\t\t\t<div class=\"elementor-element elementor-element-2dc889ce elementor-widget elementor-widget-heading\" data-id=\"2dc889ce\" data-element_type=\"widget\" data-widget_type=\"heading.default\">\n\t\t\t\t<div class=\"elementor-widget-container\">\n\t\t\t<h4 class=\"elementor-heading-title elementor-size-default\">precisando elaborar?<\/h4>\t\t<\/div>\n\t\t\t\t<\/div>\n\t\t\t\t<div class=\"elementor-element elementor-element-1fec25f5 elementor-widget elementor-widget-heading\" data-id=\"1fec25f5\" data-element_type=\"widget\" data-widget_type=\"heading.default\">\n\t\t\t\t<div class=\"elementor-widget-container\">\n\t\t\t<h2 class=\"elementor-heading-title elementor-size-default\">ELABORA\u00c7\u00c3O LTCAT<\/h2>\t\t<\/div>\n\t\t\t\t<\/div>\n\t\t\t\t\t<\/div>\n\t\t<\/div>\n\t\t\t\t<div class=\"elementor-column elementor-col-50 elementor-top-column elementor-element elementor-element-b465293\" data-id=\"b465293\" data-element_type=\"column\">\n\t\t\t<div class=\"elementor-widget-wrap elementor-element-populated\">\n\t\t\t\t\t\t\t\t<div class=\"elementor-element elementor-element-e88d347 elementor-widget elementor-widget-text-editor\" data-id=\"e88d347\" data-element_type=\"widget\" data-widget_type=\"text-editor.default\">\n\t\t\t\t<div class=\"elementor-widget-container\">\n\t\t\t\t\t\t\t<p class=\"p1\">Lorem ipsum dolor sit amet, conetur adiping elit Lorem ipsum dolor sit amet, cons ectetur adipiscing elit Lorem ipsum dolor sit altmet, conse ctetur adipiscing elit aloma lomiur off silder tolos. Lorem ipsum dolor sitlor amet, conetur adiping elit Lorem ipsum dolor sit amet, consetur adipisg elit aloma alor tolos.<\/p>\t\t\t\t\t\t<\/div>\n\t\t\t\t<\/div>\n\t\t\t\t\t<\/div>\n\t\t<\/div>\n\t\t\t\t\t\t\t<\/div>\n\t\t<\/section>\n\t\t\t\t<section class=\"elementor-section elementor-top-section elementor-element elementor-element-4c8cfb21 elementor-section-boxed elementor-section-height-default elementor-section-height-default\" data-id=\"4c8cfb21\" data-element_type=\"section\">\n\t\t\t\t\t\t<div class=\"elementor-container elementor-column-gap-default\">\n\t\t\t\t\t<div class=\"elementor-column elementor-col-50 elementor-top-column elementor-element elementor-element-5d6feae7\" data-id=\"5d6feae7\" data-element_type=\"column\">\n\t\t\t<div class=\"elementor-widget-wrap elementor-element-populated\">\n\t\t\t\t\t\t\t\t<div class=\"elementor-element elementor-element-46708a14 elementor-widget elementor-widget-image\" data-id=\"46708a14\" data-element_type=\"widget\" data-widget_type=\"image.default\">\n\t\t\t\t<div class=\"elementor-widget-container\">\n\t\t\t\t\t\t\t\t\t\t\t\t\t\t\t<img width=\"600\" height=\"600\" src=\"https:\/\/sestquality.com.br\/wp-content\/uploads\/2021\/12\/SESTQUALITY-material-instagram.jpg\" class=\"attachment-large size-large\" alt=\"\" loading=\"lazy\" srcset=\"https:\/\/sestquality.com.br\/wp-content\/uploads\/2021\/12\/SESTQUALITY-material-instagram.jpg 600w, https:\/\/sestquality.com.br\/wp-content\/uploads\/2021\/12\/SESTQUALITY-material-instagram-300x300.jpg 300w, https:\/\/sestquality.com.br\/wp-content\/uploads\/2021\/12\/SESTQUALITY-material-instagram-150x150.jpg 150w\" sizes=\"(max-width: 600px) 100vw, 600px\" \/>\t\t\t\t\t\t\t\t\t\t\t\t\t\t\t<\/div>\n\t\t\t\t<\/div>\n\t\t\t\t\t<\/div>\n\t\t<\/div>\n\t\t\t\t<div class=\"elementor-column elementor-col-50 elementor-top-column elementor-element elementor-element-56ac8d92\" data-id=\"56ac8d92\" data-element_type=\"column\">\n\t\t\t<div class=\"elementor-widget-wrap elementor-element-populated\">\n\t\t\t\t\t\t\t\t<div class=\"elementor-element elementor-element-7ec582a9 elementor-widget elementor-widget-text-editor\" data-id=\"7ec582a9\" data-element_type=\"widget\" data-widget_type=\"text-editor.default\">\n\t\t\t\t<div class=\"elementor-widget-container\">\n\t\t\t\t\t\t\t<h3 class=\"tazul\">LTCAT: o que \u00e9 e quem deve fazer?<\/h3>\n<h5 class=\"data\"><span style=\"color: var( --e-global-color-text ); font-family: var( --e-global-typography-text-font-family ), Sans-serif; font-size: var( --e-global-typography-text-font-size ); font-style: var( --e-global-typography-text-font-style ); font-weight: var( --e-global-typography-text-font-weight ); background-color: var( --e-global-color-17794e9 );\">Por mais que as empresas tentem remediar, h\u00e1 algumas atividades que acabam expondo os trabalhadores a fatores de risco. Isso \u00e9 um problema a ser controlado, pois, com o tempo, esses agentes podem trazer preju\u00edzos para a sa\u00fade e para a integridade f\u00edsica. Por isso, esses funcion\u00e1rios t\u00eam direito a solicitar uma aposentadoria especial, cuja necessidade deve ser comprovada pelo Laudo T\u00e9cnico das Condi\u00e7\u00f5es do Ambiente de Trabalho (LTCAT).<\/span><br><\/h5>\n<p>Regulamentado pela&nbsp;<a href=\"http:\/\/www.planalto.gov.br\/ccivil_03\/leis\/l8213cons.htm\" target=\"_blank\" rel=\"noopener noreferrer\">Lei n\u00ba 8.213, de 24 de julho de 1991<\/a>, o LTCAT discrimina, de forma conclusiva, quais s\u00e3o os agentes a que o trabalhador est\u00e1 exposto. Seu objetivo \u00e9 apenas informar para a Previd\u00eancia Social se h\u00e1 a possibilidade de aposentadoria especial, de acordo com a seguinte classifica\u00e7\u00e3o:<\/p>\n<p><strong>1. Qu\u00edmicos:<\/strong>&nbsp;subst\u00e2ncias, compostos ou produtos que entram no organismo pela via respirat\u00f3ria \u2013 nas formas de poeiras, gases, neblinas ou vapores \u2013 ou que, pelo contato, possam ser absorvidas pela pele ou por ingest\u00e3o. Benzeno, carv\u00e3o mineral, s\u00edlica, petr\u00f3leo e g\u00e1s natural s\u00e3o alguns exemplos.<\/p>\n<p><strong>2. F\u00edsicos:<\/strong>&nbsp;formas de energia a que os trabalhadores podem estar expostos. \u00c9 o caso, por exemplo, de ru\u00eddos, vibra\u00e7\u00f5es, radia\u00e7\u00e3o, calor, frio ou press\u00e3o.<\/p>\n<p><strong>3. Biol\u00f3gicos:<\/strong>&nbsp;s\u00e3o os riscos que envolvem outros seres vivos e que podem trazer malef\u00edcios para o corpo, como bact\u00e9rias, v\u00edrus, fungos e parasitas.<\/p>\n<p>H\u00e1 um limite em cada um dos riscos a que o trabalhador est\u00e1 exposto, que deve ser observado na hora de fazer o LTCAT. Vale lembrar que nem todo agente nocivo concede o benef\u00edcio da aposentadoria especial automaticamente. Por isso, o trabalhador deve ficar atento aos prazos e aos seus demais direitos antes de solicit\u00e1-los.<\/p>\n<h3>Quem deve elaborar o LTCAT?<\/h3>\n<p>Por se tratar de um documento que rege a aposentadoria dos trabalhadores, o Laudo T\u00e9cnico \u00e9 obrigat\u00f3rio para todas as empresas. De acordo com a legisla\u00e7\u00e3o, alguns profissionais est\u00e3o habilitados para realiz\u00e1-lo:<\/p>\n<p><em>\u00a7 1\u00ba A comprova\u00e7\u00e3o da efetiva exposi\u00e7\u00e3o do segurado aos agentes nocivos ser\u00e1 feita mediante formul\u00e1rio, na forma estabelecida pelo Instituto Nacional do Seguro Social \u2013 INSS, emitido pela empresa ou seu preposto, com base em laudo t\u00e9cnico de condi\u00e7\u00f5es ambientais do trabalho expedido por m\u00e9dico do trabalho ou engenheiro de seguran\u00e7a do trabalho nos termos da legisla\u00e7\u00e3o trabalhista. (<a href=\"http:\/\/www.planalto.gov.br\/ccivil_03\/leis\/l8213cons.htm\" target=\"_blank\" rel=\"noopener noreferrer\">Lei n\u00ba 8.213\/91<\/a>)<\/em><\/p>\n<p><em>Art. 247 | Par\u00e1grafo \u00fanico. O LTCAT dever\u00e1 ser assinado por engenheiro de seguran\u00e7a do trabalho, com o respectivo n\u00famero da Anota\u00e7\u00e3o de Responsabilidade T\u00e9cnica \u2013 ART junto ao Conselho Regional de Engenharia e Arquitetura \u2013 CREA ou por m\u00e9dico do trabalho, indicando os registros profissionais para ambos. (<a href=\"http:\/\/sislex.previdencia.gov.br\/paginas\/38\/inss-pres\/2010\/45_1.htm\" target=\"_blank\" rel=\"noopener noreferrer\">Instru\u00e7\u00e3o normativa INSS\/PRES n\u00ba 45<\/a>)<\/em><\/p>\n<p>Ou seja, apenas os m\u00e9dicos do trabalho e engenheiros de seguran\u00e7a est\u00e3o devidamente autorizados a assinar o LTCAT, sendo necess\u00e1rio que esses profissionais estejam devidamente credenciados em seus respectivos conselhos de classe.<\/p>\n<h4>O que deve constar no LTCAT?<\/h4>\n<p>Os pontos a serem observados na elabora\u00e7\u00e3o do LTCAT est\u00e3o descritos no artigo 247 da&nbsp;<a href=\"http:\/\/sislex.previdencia.gov.br\/paginas\/38\/inss-pres\/2010\/45_1.htm\" target=\"_blank\" rel=\"noopener noreferrer\">instru\u00e7\u00e3o normativa INSS\/PRES n\u00ba 45, de 6 de agosto de 2010<\/a>:<\/p>\n<ul>\n<li>Se \u00e9 individual ou coletivo.<\/li>\n<li>Identifica\u00e7\u00e3o da empresa.<\/li>\n<li>Identifica\u00e7\u00e3o do setor e da fun\u00e7\u00e3o.<\/li>\n<li>Descri\u00e7\u00e3o da atividade.<\/li>\n<li>Identifica\u00e7\u00e3o de agente nocivo capaz de causar dano \u00e0 sa\u00fade e integridade f\u00edsica, arrolado na Legisla\u00e7\u00e3o Previdenci\u00e1ria.<\/li>\n<li>Localiza\u00e7\u00e3o das poss\u00edveis fontes geradoras.<\/li>\n<li>Via e periodicidade de exposi\u00e7\u00e3o ao agente nocivo.<\/li>\n<li>Metodologia e procedimentos de avalia\u00e7\u00e3o do agente nocivo.<\/li>\n<li>Descri\u00e7\u00e3o das medidas de controle existentes.<\/li>\n<li>Conclus\u00e3o do LTCAT.<\/li>\n<li>Assinatura do m\u00e9dico do trabalho ou engenheiro de seguran\u00e7a.<\/li>\n<li>Data da realiza\u00e7\u00e3o da avalia\u00e7\u00e3o ambiental.<\/li>\n<\/ul>\n<h4>Quando atualizar?<\/h4>\n<p>N\u00e3o h\u00e1 um prazo de validade para o LTCAT, por\u00e9m ele deve ser revisado sempre que houver qualquer modifica\u00e7\u00e3o no ambiente de trabalho ou nas atividades da empresa. De acordo com a&nbsp;<a href=\"http:\/\/sislex.previdencia.gov.br\/paginas\/38\/inss-pres\/2010\/45_1.htm\" target=\"_blank\" rel=\"noopener noreferrer\">instru\u00e7\u00e3o normativa INSS\/PRES n\u00ba 45<\/a>, a atualiza\u00e7\u00e3o deve ser feita nos seguintes casos:<\/p>\n<ul>\n<li>Mudan\u00e7a de layout.<\/li>\n<li>Substitui\u00e7\u00e3o de m\u00e1quinas ou de equipamentos.<\/li>\n<li>Ado\u00e7\u00e3o ou altera\u00e7\u00e3o de tecnologia de prote\u00e7\u00e3o coletiva.<\/li>\n<li>Alcance dos n\u00edveis de a\u00e7\u00e3o estabelecidos no subitem 9.3.6 da NR-09, aprovadas pela Portaria n\u00ba 3.214, de 8 de junho de 1978, do MTE, se aplic\u00e1vel.<\/li>\n<li>Extin\u00e7\u00e3o do pagamento do adicional de insalubridade.<\/li>\n<\/ul>\n<p>O documento deve ser arquivado em local seguro e de f\u00e1cil acesso, pois pode ser exigido caso haja vistorias da Previd\u00eancia Social. Se o LTCAT n\u00e3o estiver em dia, a empresa ser\u00e1 multada. Conforme o&nbsp;<a href=\"http:\/\/www.planalto.gov.br\/ccivil_03\/decreto\/d3048.htm\" target=\"_blank\" rel=\"noopener noreferrer\">Decreto n\u00ba 3.048, de 6 de maio de 1999<\/a>, as multas variam de acordo com a gravidade e a reincid\u00eancia da infra\u00e7\u00e3o, sendo calculadas conforme a<a href=\"http:\/\/sislex.previdencia.gov.br\/paginas\/66\/MPS\/2003\/727.htm\" target=\"_blank\" rel=\"noopener noreferrer\">&nbsp;legisla\u00e7\u00e3o mais recente<\/a>&nbsp;\u2013 de R$ 991,03 a R$ 99.102,12.<\/p>\t\t\t\t\t\t<\/div>\n\t\t\t\t<\/div>\n\t\t\t\t\t<\/div>\n\t\t<\/div>\n\t\t\t\t\t\t\t<\/div>\n\t\t<\/section>\n\t\t\t\t<section class=\"elementor-section elementor-top-section elementor-element elementor-element-4237dce4 elementor-section-height-min-height elementor-section-boxed elementor-section-height-default elementor-section-items-middle\" data-id=\"4237dce4\" data-element_type=\"section\" data-settings=\"{&quot;background_background&quot;:&quot;classic&quot;}\">\n\t\t\t\t\t\t\t<div class=\"elementor-background-overlay\"><\/div>\n\t\t\t\t\t\t\t<div class=\"elementor-container elementor-column-gap-default\">\n\t\t\t\t\t<div class=\"elementor-column elementor-col-100 elementor-top-column elementor-element elementor-element-5734efd4\" data-id=\"5734efd4\" data-element_type=\"column\">\n\t\t\t<div class=\"elementor-widget-wrap elementor-element-populated\">\n\t\t\t\t\t\t\t\t<div class=\"elementor-element elementor-element-8f9415e elementor-widget elementor-widget-heading\" data-id=\"8f9415e\" data-element_type=\"widget\" data-widget_type=\"heading.default\">\n\t\t\t\t<div class=\"elementor-widget-container\">\n\t\t\t<h2 class=\"elementor-heading-title elementor-size-default\">temos um time especializado para dar todo suporte.<\/h2>\t\t<\/div>\n\t\t\t\t<\/div>\n\t\t\t\t<div class=\"elementor-element elementor-element-442dd41f elementor-align-center elementor-widget elementor-widget-button\" data-id=\"442dd41f\" data-element_type=\"widget\" data-widget_type=\"button.default\">\n\t\t\t\t<div class=\"elementor-widget-container\">\n\t\t\t\t\t<div class=\"elementor-button-wrapper\">\n\t\t\t<a href=\"http:\/\/sestquality.com.br\/?page_id=88\" class=\"elementor-button-link elementor-button elementor-size-md\" role=\"button\">\n\t\t\t\t\t\t<span class=\"elementor-button-content-wrapper\">\n\t\t\t\t\t\t<span class=\"elementor-button-icon elementor-align-icon-right\">\n\t\t\t\t<i aria-hidden=\"true\" class=\"fas fa-long-arrow-alt-right\"><\/i>\t\t\t<\/span>\n\t\t\t\t\t\t<span class=\"elementor-button-text\">entre em contato<\/span>\n\t\t<\/span>\n\t\t\t\t\t<\/a>\n\t\t<\/div>\n\t\t\t\t<\/div>\n\t\t\t\t<\/div>\n\t\t\t\t\t<\/div>\n\t\t<\/div>\n\t\t\t\t\t\t\t<\/div>\n\t\t<\/section>\n\t\t\t\t\t\t<\/div>\n\t\t\t\t\t<\/div>\n\t\t","protected":false},"excerpt":{"rendered":"<p>precisando elaborar? ELABORA\u00c7\u00c3O LTCAT Lorem ipsum dolor sit amet, conetur adiping elit Lorem ipsum dolor sit amet, cons ectetur adipiscing elit Lorem ipsum dolor sit altmet, conse ctetur adipiscing elit aloma lomiur off silder tolos. Lorem ipsum dolor sitlor amet, conetur adiping elit Lorem ipsum dolor sit amet, consetur adipisg elit aloma alor tolos. LTCAT: [&hellip;]<\/p>\n","protected":false},"author":1,"featured_media":0,"parent":0,"menu_order":0,"comment_status":"closed","ping_status":"closed","template":"elementor_header_footer","meta":[],"_links":{"self":[{"href":"https:\/\/sestquality.com.br\/index.php?rest_route=\/wp\/v2\/pages\/667"}],"collection":[{"href":"https:\/\/sestquality.com.br\/index.php?rest_route=\/wp\/v2\/pages"}],"about":[{"href":"https:\/\/sestquality.com.br\/index.php?rest_route=\/wp\/v2\/types\/page"}],"author":[{"embeddable":true,"href":"https:\/\/sestquality.com.br\/index.php?rest_route=\/wp\/v2\/users\/1"}],"replies":[{"embeddable":true,"href":"https:\/\/sestquality.com.br\/index.php?rest_route=%2Fwp%2Fv2%2Fcomments&post=667"}],"version-history":[{"count":10,"href":"https:\/\/sestquality.com.br\/index.php?rest_route=\/wp\/v2\/pages\/667\/revisions"}],"predecessor-version":[{"id":677,"href":"https:\/\/sestquality.com.br\/index.php?rest_route=\/wp\/v2\/pages\/667\/revisions\/677"}],"wp:attachment":[{"href":"https:\/\/sestquality.com.br\/index.php?rest_route=%2Fwp%2Fv2%2Fmedia&parent=667"}],"curies":[{"name":"wp","href":"https:\/\/api.w.org\/{rel}","templated":true}]}}